{"id":8,"date":"2013-02-15T10:39:12","date_gmt":"2013-02-15T09:39:12","guid":{"rendered":"https:\/\/prostejov.casd.cz\/?page_id=8"},"modified":"2026-04-16T16:40:08","modified_gmt":"2026-04-16T14:40:08","slug":"kontakt","status":"publish","type":"page","link":"https:\/\/prostejov.casd.cz\/?page_id=8","title":{"rendered":"Kontakt"},"content":{"rendered":"<p><a href=\"https:\/\/prostejov.casd.cz\/wp-content\/uploads\/sbor_prostejov1.jpg\"><img loading=\"lazy\" decoding=\"async\" class=\" size-medium wp-image-52 alignright\" src=\"https:\/\/prostejov.casd.cz\/wp-content\/uploads\/sbor_prostejov1-300x225.jpg\" alt=\"sbor_prostejov1\" width=\"300\" height=\"225\" srcset=\"https:\/\/prostejov.casd.cz\/wp-content\/uploads\/sbor_prostejov1-300x225.jpg 300w, https:\/\/prostejov.casd.cz\/wp-content\/uploads\/sbor_prostejov1.jpg 800w\" sizes=\"auto, (max-width: 300px) 100vw, 300px\" \/><\/a>Sbor c\u00edrkve Adventist\u016f sedm\u00e9ho dne<br \/>\n\u0160afa\u0159\u00edkova 9<br \/>\n796 01 Prost\u011bjov<\/p>\n<p>Sobotn\u00ed bohoslu\u017eby za\u010d\u00ednaj\u00ed v 9:30 spole\u010dn\u00fdm studiem Bible a chv\u00e1lami. Pot\u00e9 n\u00e1sleduje k\u00e1z\u00e1n\u00ed z Bo\u017e\u00edho slova.<\/p>\n<p>Kazatel:<br \/>\nFilip F\u00fcrst<br \/>\nemail: ffurst@casd.cz<br \/>\ntel: +420 739 382 789<a href=\"https:\/\/mapy.cz\/turisticka?q=sbor%20adventist%C5%AF&amp;source=firm&amp;id=1996335&amp;ds=2&amp;x=17.1127005&amp;y=49.4779011&amp;z=18\"><img loading=\"lazy\" decoding=\"async\" class=\"alignright wp-image-640 size-medium\" src=\"http:\/\/prostejov.casd.cz\/wp-content\/uploads\/mapy-300x279.png\" alt=\"\" width=\"300\" height=\"279\" srcset=\"https:\/\/prostejov.casd.cz\/wp-content\/uploads\/mapy-300x279.png 300w, https:\/\/prostejov.casd.cz\/wp-content\/uploads\/mapy-768x716.png 768w, https:\/\/prostejov.casd.cz\/wp-content\/uploads\/mapy.png 878w\" sizes=\"auto, (max-width: 300px) 100vw, 300px\" \/><\/a><\/p>\n","protected":false},"excerpt":{"rendered":"<p>Sbor c\u00edrkve Adventist\u016f sedm\u00e9ho dne \u0160afa\u0159\u00edkova 9 796 01 Prost\u011bjov Sobotn\u00ed bohoslu\u017eby za\u010d\u00ednaj\u00ed v 9:30 spole\u010dn\u00fdm studiem Bible a chv\u00e1lami. Pot\u00e9 n\u00e1sleduje k\u00e1z\u00e1n\u00ed z Bo\u017e\u00edho slova. Kazatel: Filip F\u00fcrst email: ffurst@casd.cz tel: +420 739 382 789<\/p>\n","protected":false},"author":1,"featured_media":0,"parent":0,"menu_order":6,"comment_status":"closed","ping_status":"closed","template":"","meta":{"ngg_post_thumbnail":0,"footnotes":""},"class_list":["post-8","page","type-page","status-publish","hentry"],"_links":{"self":[{"href":"https:\/\/prostejov.casd.cz\/index.php?rest_route=\/wp\/v2\/pages\/8","targetHints":{"allow":["GET"]}}],"collection":[{"href":"https:\/\/prostejov.casd.cz\/index.php?rest_route=\/wp\/v2\/pages"}],"about":[{"href":"https:\/\/prostejov.casd.cz\/index.php?rest_route=\/wp\/v2\/types\/page"}],"author":[{"embeddable":true,"href":"https:\/\/prostejov.casd.cz\/index.php?rest_route=\/wp\/v2\/users\/1"}],"replies":[{"embeddable":true,"href":"https:\/\/prostejov.casd.cz\/index.php?rest_route=%2Fwp%2Fv2%2Fcomments&post=8"}],"version-history":[{"count":5,"href":"https:\/\/prostejov.casd.cz\/index.php?rest_route=\/wp\/v2\/pages\/8\/revisions"}],"predecessor-version":[{"id":728,"href":"https:\/\/prostejov.casd.cz\/index.php?rest_route=\/wp\/v2\/pages\/8\/revisions\/728"}],"wp:attachment":[{"href":"https:\/\/prostejov.casd.cz\/index.php?rest_route=%2Fwp%2Fv2%2Fmedia&parent=8"}],"curies":[{"name":"wp","href":"https:\/\/api.w.org\/{rel}","templated":true}]}}