{"id":50,"date":"2015-04-16T10:00:33","date_gmt":"2015-04-16T08:00:33","guid":{"rendered":"https:\/\/prostejov.casd.cz\/?page_id=50"},"modified":"2015-04-16T10:01:56","modified_gmt":"2015-04-16T08:01:56","slug":"o-nas","status":"publish","type":"page","link":"https:\/\/prostejov.casd.cz\/?page_id=50","title":{"rendered":"O n\u00e1s"},"content":{"rendered":"<p align=\"left\"><strong>O c\u00edrkvi<\/strong><\/p>\n<p align=\"left\">C\u00edrkev adventist\u016f sedm\u00e9ho dne vych\u00e1z\u00ed z\u00a0u\u010den\u00ed a\u00a0z\u00e1sad Bible, kterou pova\u017euje za inspirovan\u00e9 Bo\u017e\u00ed slovo (Bible, 2. List Timoteovi 3:16). 66 knih Star\u00e9ho a\u00a0Nov\u00e9ho z\u00e1kona v\u00a0Bibli lidem poskytuje v\u0161echny informace o\u00a0Bo\u017e\u00edm pl\u00e1nu z\u00e1chrany v\u00a0Je\u017e\u00ed\u0161i Kristu. Star\u00fd z\u00e1kon p\u0159edpov\u00edd\u00e1 p\u0159\u00edchod Mesi\u00e1\u0161e a\u00a0Nov\u00fd z\u00e1kon dosv\u011bd\u010duje jeho \u017eivot. Bible lidem rad\u00ed, jak mohou nav\u00e1zat vztah s\u00a0Bohem. Odhaluje smysl \u017eivota, rad\u00ed jak je mo\u017en\u00e9 zkvalitnit mezilidsk\u00e9 vztahy, co d\u011blat pro zlep\u0161en\u00ed sv\u00e9ho duchovn\u00edho, du\u0161evn\u00edho a\u00a0t\u011blesn\u00e9ho zdrav\u00ed.<\/p>\n<p>Adventist\u00e9 sedm\u00e9ho dne p\u0159ij\u00edmaj\u00ed Bibli za sv\u00e9 jedin\u00e9 vyzn\u00e1n\u00ed v\u00edry a\u00a0z\u00a0n\u00ed odvozuj\u00ed z\u00e1kladn\u00ed v\u011brou\u010dn\u00e9 \u010dl\u00e1nky. V\u011brou\u010dn\u00e9 v\u00fdroky jsou v\u00fdrazem toho, jak c\u00edrkev u\u010den\u00ed P\u00edsma ch\u00e1pe a\u00a0vyjad\u0159uje.<\/p>\n<p>Na\u0161e v\u011brou\u010dn\u00e9 body naleznete na webov\u00fdch str\u00e1nk\u00e1ch <a title=\"www.casd.cz\" href=\"http:\/\/www.casd.cz\">www.casd.cz<\/a><\/p>\n<p>&nbsp;<\/p>\n<p><strong>O tomto sboru<\/strong><\/p>\n<p>Zde v Prost\u011bjov\u011b se sch\u00e1z\u00edme k pravideln\u00fdm bohoslu\u017eb\u00e1m ka\u017edou sobotu od 9:30<\/p>\n<p>Prvn\u00ed \u010d\u00e1st bohoslu\u017eby tvo\u0159\u00ed studium a diskuse nad p\u0159ipraven\u00fdmi biblick\u00fdmi t\u00e9maty. Aktu\u00e1ln\u011b prob\u00edran\u00e1 t\u00e9mata a k tomu p\u0159ipraven\u00e9 materi\u00e1ly naleznete na webov\u00fdch str\u00e1nk\u00e1ch <a title=\"sobotniskola.casd.cz\" href=\"http:\/\/sobotniskola.casd.cz\">sobotniskola.casd.cz<\/a><\/p>\n<p>V druh\u00e9 \u010d\u00e1sti bohoslu\u017eby m\u016f\u017eete o\u010dek\u00e1vat biblickou \u00favahu s aplikacemi a povzbuzen\u00edm do \u017eivota.<\/p>\n<p>Pokud V\u00e1m tyto stroh\u00e9 informace nesta\u010d\u00ed, p\u0159ij\u010fte se k n\u00e1m pod\u00edvat a za\u017e\u00edt, jak\u00e1 je na\u0161e bohoslu\u017eba \ud83d\ude42<\/p>\n<p>&nbsp;<\/p>\n<p>&nbsp;<\/p>\n","protected":false},"excerpt":{"rendered":"<p>O c\u00edrkvi C\u00edrkev adventist\u016f sedm\u00e9ho dne vych\u00e1z\u00ed z\u00a0u\u010den\u00ed a\u00a0z\u00e1sad Bible, kterou pova\u017euje za inspirovan\u00e9 Bo\u017e\u00ed slovo (Bible, 2. List Timoteovi 3:16). 66 knih Star\u00e9ho a\u00a0Nov\u00e9ho z\u00e1kona v\u00a0Bibli lidem poskytuje v\u0161echny informace o\u00a0Bo\u017e\u00edm pl\u00e1nu z\u00e1chrany v\u00a0Je\u017e\u00ed\u0161i Kristu. Star\u00fd z\u00e1kon p\u0159edpov\u00edd\u00e1 p\u0159\u00edchod &hellip; <a href=\"https:\/\/prostejov.casd.cz\/?page_id=50\">Cel\u00fd p\u0159\u00edsp\u011bvek <span class=\"meta-nav\">&rarr;<\/span><\/a><\/p>\n","protected":false},"author":1,"featured_media":0,"parent":0,"menu_order":5,"comment_status":"closed","ping_status":"closed","template":"","meta":{"ngg_post_thumbnail":0,"footnotes":""},"class_list":["post-50","page","type-page","status-publish","hentry"],"_links":{"self":[{"href":"https:\/\/prostejov.casd.cz\/index.php?rest_route=\/wp\/v2\/pages\/50","targetHints":{"allow":["GET"]}}],"collection":[{"href":"https:\/\/prostejov.casd.cz\/index.php?rest_route=\/wp\/v2\/pages"}],"about":[{"href":"https:\/\/prostejov.casd.cz\/index.php?rest_route=\/wp\/v2\/types\/page"}],"author":[{"embeddable":true,"href":"https:\/\/prostejov.casd.cz\/index.php?rest_route=\/wp\/v2\/users\/1"}],"replies":[{"embeddable":true,"href":"https:\/\/prostejov.casd.cz\/index.php?rest_route=%2Fwp%2Fv2%2Fcomments&post=50"}],"version-history":[{"count":1,"href":"https:\/\/prostejov.casd.cz\/index.php?rest_route=\/wp\/v2\/pages\/50\/revisions"}],"predecessor-version":[{"id":51,"href":"https:\/\/prostejov.casd.cz\/index.php?rest_route=\/wp\/v2\/pages\/50\/revisions\/51"}],"wp:attachment":[{"href":"https:\/\/prostejov.casd.cz\/index.php?rest_route=%2Fwp%2Fv2%2Fmedia&parent=50"}],"curies":[{"name":"wp","href":"https:\/\/api.w.org\/{rel}","templated":true}]}}