{"id":41,"date":"2015-03-31T13:17:21","date_gmt":"2015-03-31T11:17:21","guid":{"rendered":"https:\/\/prostejov.casd.cz\/?page_id=41"},"modified":"2024-01-30T14:27:41","modified_gmt":"2024-01-30T13:27:41","slug":"odkazy","status":"publish","type":"page","link":"https:\/\/prostejov.casd.cz\/?page_id=41","title":{"rendered":"Odkazy"},"content":{"rendered":"<p>Weby, kter\u00e9 stoj\u00ed zato nav\u0161t\u00edvit:<\/p>\n<p>Ofici\u00e1ln\u00ed str\u00e1nky c\u00edrkve Adventist\u016f sedm\u00e9ho dne &#8211;&nbsp;<a title=\"www.casd.cz\" href=\"http:\/\/www.casd.cz\" target=\"_blank\" rel=\"noopener\">www.casd.cz<\/a><\/p>\n<p>Hope TV &#8211;&nbsp;<a title=\"www.hopetv.cz\" href=\"http:\/\/www.hopetv.cz\" target=\"_blank\" rel=\"noopener\">www.hopetv.cz<\/a><\/p>\n<p>Studium Bible (sobotn\u00ed \u0161kola), materi\u00e1ly &#8211; <a href=\"https:\/\/sobotniskola.casd.cz\/\">SOBOTN\u00cd \u0160KOLA (casd.cz)<\/a><\/p>\n<p>Videa k sobotn\u00ed \u0161kole &#8211;&nbsp;<a href=\"https:\/\/www.youtube.com\/playlist?list=PL4S0bRwpg3SuN7wi3PGxiDzOMX6C0jMm1\" class=\"broken_link\">Bible pro dne\u0161ek &#8211; YouTube<\/a><\/p>\n<p>Podcast k sobotn\u00ed \u0161kole &#8211; <a href=\"https:\/\/open.spotify.com\/show\/0WiVCh5PUd9rt4lEfUUiY8\">Bible pro dne\u0161ek | Podcast on Spotify<\/a><\/p>\n<p>Audiov\u00fdklad Bible &#8211;&nbsp;<a href=\"https:\/\/temata.rozhlas.cz\/nabozenstvi\/bible\/stary-zakon\">Audiov\u00fdklad Bible | \u010cesk\u00fd rozhlas<\/a><\/p>\n<p>Adventistick\u00fd teologick\u00fd institut &#8211; <a href=\"https:\/\/ati.casd.cz\/\">ATI &#8211; Adventistick\u00fd Teologick\u00fd Institut (casd.cz)<\/a><\/p>\n<p>Bohoslu\u017eby online &#8211;&nbsp;<a title=\"www.bohosluzbyonline.cz\" href=\"http:\/\/www.bohosluzbyonline.cz\" target=\"_blank\" rel=\"noopener\">www.bohosluzbyonline.cz<\/a><\/p>\n<p>Bohoslu\u017eby online &#8211;&nbsp;<a href=\"https:\/\/www.youtube.com\/channel\/UCFAmoxR6XcpJI8jxtgRVfGg\">K\u0159es\u0165ansk\u00e9 spole\u010denstv\u00ed CASD Znojmo &#8211; YouTube<\/a><\/p>\n<p>Humanitarn\u00ed organizace ADRA &#8211; <a title=\"adra\" href=\"http:\/\/www.adra.cz\">www.adra.cz<\/a><\/p>\n<p>Klub Pathfinder &#8211; <a title=\"pathfinder\" href=\"http:\/\/www.pathfinder.cz\">www.pathfinder.cz<\/a><\/p>\n<p>&nbsp;<\/p>\n<p>&nbsp;<\/p>\n<p>&nbsp;<\/p>\n<p>&nbsp;<\/p>\n<p>&nbsp;<\/p>\n<p>&nbsp;<\/p>\n<p>&nbsp;<\/p>\n<p>&nbsp;<\/p>\n<p>&nbsp;<\/p>\n<p>&nbsp;<\/p>\n","protected":false},"excerpt":{"rendered":"<p>Weby, kter\u00e9 stoj\u00ed zato nav\u0161t\u00edvit: Ofici\u00e1ln\u00ed str\u00e1nky c\u00edrkve Adventist\u016f sedm\u00e9ho dne &#8211;&nbsp;www.casd.cz Hope TV &#8211;&nbsp;www.hopetv.cz Studium Bible (sobotn\u00ed \u0161kola), materi\u00e1ly &#8211; SOBOTN\u00cd \u0160KOLA (casd.cz) Videa k sobotn\u00ed \u0161kole &#8211;&nbsp;Bible pro dne\u0161ek &#8211; YouTube Podcast k sobotn\u00ed \u0161kole &#8211; Bible pro &hellip; <a href=\"https:\/\/prostejov.casd.cz\/?page_id=41\">Cel\u00fd p\u0159\u00edsp\u011bvek <span class=\"meta-nav\">&rarr;<\/span><\/a><\/p>\n","protected":false},"author":1,"featured_media":0,"parent":0,"menu_order":4,"comment_status":"closed","ping_status":"closed","template":"","meta":{"ngg_post_thumbnail":0,"footnotes":""},"class_list":["post-41","page","type-page","status-publish","hentry"],"_links":{"self":[{"href":"https:\/\/prostejov.casd.cz\/index.php?rest_route=\/wp\/v2\/pages\/41","targetHints":{"allow":["GET"]}}],"collection":[{"href":"https:\/\/prostejov.casd.cz\/index.php?rest_route=\/wp\/v2\/pages"}],"about":[{"href":"https:\/\/prostejov.casd.cz\/index.php?rest_route=\/wp\/v2\/types\/page"}],"author":[{"embeddable":true,"href":"https:\/\/prostejov.casd.cz\/index.php?rest_route=\/wp\/v2\/users\/1"}],"replies":[{"embeddable":true,"href":"https:\/\/prostejov.casd.cz\/index.php?rest_route=%2Fwp%2Fv2%2Fcomments&post=41"}],"version-history":[{"count":5,"href":"https:\/\/prostejov.casd.cz\/index.php?rest_route=\/wp\/v2\/pages\/41\/revisions"}],"predecessor-version":[{"id":646,"href":"https:\/\/prostejov.casd.cz\/index.php?rest_route=\/wp\/v2\/pages\/41\/revisions\/646"}],"wp:attachment":[{"href":"https:\/\/prostejov.casd.cz\/index.php?rest_route=%2Fwp%2Fv2%2Fmedia&parent=41"}],"curies":[{"name":"wp","href":"https:\/\/api.w.org\/{rel}","templated":true}]}}