{"id":125,"date":"2017-11-17T11:54:12","date_gmt":"2017-11-17T10:54:12","guid":{"rendered":"https:\/\/prostejov.casd.cz\/?page_id=125"},"modified":"2026-01-03T08:58:55","modified_gmt":"2026-01-03T07:58:55","slug":"rozpis-kazani","status":"publish","type":"page","link":"https:\/\/prostejov.casd.cz\/?page_id=125","title":{"rendered":"Rozpis k\u00e1z\u00e1n\u00ed"},"content":{"rendered":"<p><strong>Rozpis k\u00e1z\u00e1n\u00ed v Olomouck\u00e9m okrsku:<\/strong><\/p>\n<p><span style=\"text-decoration: underline;\">2025<\/span><\/p>\n\n\n<figure class=\"wp-block-image size-large\"><a href=\"http:\/\/prostejov.casd.cz\/wp-content\/uploads\/program-kazani-1Q-2026-scaled.png\"><img loading=\"lazy\" decoding=\"async\" width=\"1024\" height=\"443\" src=\"http:\/\/prostejov.casd.cz\/wp-content\/uploads\/program-kazani-1Q-2026-1024x443.png\" alt=\"\" class=\"wp-image-723\" srcset=\"https:\/\/prostejov.casd.cz\/wp-content\/uploads\/program-kazani-1Q-2026-1024x443.png 1024w, https:\/\/prostejov.casd.cz\/wp-content\/uploads\/program-kazani-1Q-2026-300x130.png 300w, https:\/\/prostejov.casd.cz\/wp-content\/uploads\/program-kazani-1Q-2026-768x333.png 768w, https:\/\/prostejov.casd.cz\/wp-content\/uploads\/program-kazani-1Q-2026-1536x665.png 1536w, https:\/\/prostejov.casd.cz\/wp-content\/uploads\/program-kazani-1Q-2026-2048x887.png 2048w\" sizes=\"auto, (max-width: 1024px) 100vw, 1024px\" \/><\/a><\/figure>\n","protected":false},"excerpt":{"rendered":"<p>Rozpis k\u00e1z\u00e1n\u00ed v Olomouck\u00e9m okrsku: 2025<\/p>\n","protected":false},"author":4,"featured_media":0,"parent":0,"menu_order":0,"comment_status":"closed","ping_status":"closed","template":"","meta":{"ngg_post_thumbnail":0,"footnotes":""},"class_list":["post-125","page","type-page","status-publish","hentry"],"_links":{"self":[{"href":"https:\/\/prostejov.casd.cz\/index.php?rest_route=\/wp\/v2\/pages\/125","targetHints":{"allow":["GET"]}}],"collection":[{"href":"https:\/\/prostejov.casd.cz\/index.php?rest_route=\/wp\/v2\/pages"}],"about":[{"href":"https:\/\/prostejov.casd.cz\/index.php?rest_route=\/wp\/v2\/types\/page"}],"author":[{"embeddable":true,"href":"https:\/\/prostejov.casd.cz\/index.php?rest_route=\/wp\/v2\/users\/4"}],"replies":[{"embeddable":true,"href":"https:\/\/prostejov.casd.cz\/index.php?rest_route=%2Fwp%2Fv2%2Fcomments&post=125"}],"version-history":[{"count":5,"href":"https:\/\/prostejov.casd.cz\/index.php?rest_route=\/wp\/v2\/pages\/125\/revisions"}],"predecessor-version":[{"id":724,"href":"https:\/\/prostejov.casd.cz\/index.php?rest_route=\/wp\/v2\/pages\/125\/revisions\/724"}],"wp:attachment":[{"href":"https:\/\/prostejov.casd.cz\/index.php?rest_route=%2Fwp%2Fv2%2Fmedia&parent=125"}],"curies":[{"name":"wp","href":"https:\/\/api.w.org\/{rel}","templated":true}]}}